{"id":2033,"date":"2026-01-27T09:31:14","date_gmt":"2026-01-27T09:31:14","guid":{"rendered":"https:\/\/mia21.ch\/?page_id=2033"},"modified":"2026-03-30T07:59:22","modified_gmt":"2026-03-30T07:59:22","slug":"austauschtreffen-informatikausbildung-meets-mia21","status":"publish","type":"page","link":"https:\/\/mia21.ch\/index.php\/austauschtreffen-informatikausbildung-meets-mia21\/","title":{"rendered":"Austauschtreffen Informatikausbildung meets MIA21"},"content":{"rendered":"<div class=\"wp-block-image\">\n<figure class=\"alignright size-full is-resized\"><img loading=\"lazy\" decoding=\"async\" width=\"659\" height=\"152\" src=\"https:\/\/mia21.ch\/wp-content\/uploads\/2026\/03\/Log_PHB_black.png\" alt=\"\" class=\"wp-image-2065\" style=\"width:234px;height:auto\" srcset=\"https:\/\/mia21.ch\/wp-content\/uploads\/2026\/03\/Log_PHB_black.png 659w, https:\/\/mia21.ch\/wp-content\/uploads\/2026\/03\/Log_PHB_black-300x69.png 300w\" sizes=\"auto, (max-width: 659px) 100vw, 659px\" \/><\/figure><\/div>\n\n\n<p><br><strong>Datum: <\/strong>Mittwoch, 24.6.2026 <br><strong>Zeit: <\/strong> 08:30-17:00 Uhr <br><strong>Ort:&nbsp;<\/strong>PHBern,&nbsp;vonRoll&nbsp;Areal<br><strong>Kosten:<\/strong> keine<br><strong><a href=\"https:\/\/forms.cloud.microsoft\/e\/i9iXaTEyeG\">&gt; Hier gehts zur Anmeldung&nbsp;\/&nbsp;Eingabe&nbsp;Barcamp&nbsp;Themen<\/a><\/strong><br>Wir bitten euch, die Anmeldung bis am 01.05.2026 vorzunehmen. <br><strong>Organisiert durch:<\/strong> Informatikdozierende PHs &amp; MIA21-Konsortium<\/p>\n\n\n\n<h2 class=\"wp-block-heading\">Thema: Nachhaltiger Informatikunterricht<\/h2>\n\n\n\n<h2 class=\"wp-block-heading\">Thematik <\/h2>\n\n\n\n<p>Der Fokus des diesj\u00e4hrigen Treffens, welches in Kooperation zwischen dem Organisationskomitee Austauschtreffen Informatikausbildung PH und MIA21 durchgef\u00fchrt wird, liegt auf der Nachhaltigkeit. Dabei widmen wir uns zum einen der Frage, was Informatikunterricht nachhaltig macht und in welcher Relation die sogenannte \u00abDigitale Nachhaltigkeit\u00bb dazu steht. Durch digitale Innovationen, wie zum Beispiel KI, kann die Informatik als ein sich immer wieder selbst erneuerndes Fach angesehen werden, w\u00e4hrend basale informatische Konzepte f\u00fcr Stabilit\u00e4t und Grundverst\u00e4ndnis sorgen. Aus diesem Grund m\u00f6chten wir der Frage nachgehen, wie nachhaltiger Informatikunterricht aussehen kann und welche Bedeutung er hat.<\/p>\n\n\n\n<p>Die Veranstaltung richtet sich an Dozierende, Lehrpersonen, SMI und PICTS.<\/p>\n\n\n\n<h2 class=\"wp-block-heading\"> Ablauf <\/h2>\n\n\n\n<p>8:30 \u2013 09:30 Uhr Check-in und Empfang\/Steuergruppentreffen MIA21<br>09:30 \u2013 10:30 Uhr Keynote von <a href=\"https:\/\/www.uni-muenster.de\/Kowi\/personen\/anne-mollen.shtml\" data-type=\"link\" data-id=\"https:\/\/www.uni-muenster.de\/Kowi\/personen\/anne-mollen.shtml\">Dr. Anne Mollen<\/a><br>10:30 \u2013 11:00 Uhr Eingabe Barcamp-Themen und Sessionplanung<br>11:00 \u2013 11:30 Uhr Kaffeepause<br>11:30 \u2013 13:00 Uhr Barcamp-Session 1 und 2<br>13:00 \u2013 14:00 Uhr Gemeinsames Mittagessen<br>14:00 \u2013 15:00 Uhr Keynote <a href=\"https:\/\/people.inf.ethz.ch\/sverrirt\/\">Dr. Sverrir Thorgeirsson<\/a><br>15:00 \u2013 15:30 Uhr Kaffeepause<br>15:30 \u2013 16:15 Uhr Barcamp-Session 3<br>16:15 \u2013 17:00 Uhr Zusammenfassung der Sessions durch die Teilgebenden<br>17:00 Uhr Ap\u00e9ro<\/p>\n","protected":false},"excerpt":{"rendered":"<p>Datum: Mittwoch, 24.6.2026 Zeit: 08:30-17:00 Uhr Ort:&nbsp;PHBern,&nbsp;vonRoll&nbsp;ArealKosten: keine&gt; Hier gehts zur Anmeldung&nbsp;\/&nbsp;Eingabe&nbsp;Barcamp&nbsp;ThemenWir bitten euch, die Anmeldung bis am 01.05.2026 vorzunehmen. Organisiert durch: Informatikdozierende PHs &amp; MIA21-Konsortium Thema: Nachhaltiger Informatikunterricht Thematik Der Fokus des diesj\u00e4hrigen Treffens, welches in Kooperation zwischen dem Organisationskomitee Austauschtreffen Informatikausbildung PH und MIA21 durchgef\u00fchrt wird, liegt auf der Nachhaltigkeit. Dabei widmen wir [&hellip;]<\/p>\n","protected":false},"author":2,"featured_media":0,"parent":0,"menu_order":0,"comment_status":"closed","ping_status":"closed","template":"","meta":{"footnotes":""},"folder":[],"class_list":["post-2033","page","type-page","status-publish","hentry"],"_links":{"self":[{"href":"https:\/\/mia21.ch\/index.php\/wp-json\/wp\/v2\/pages\/2033","targetHints":{"allow":["GET"]}}],"collection":[{"href":"https:\/\/mia21.ch\/index.php\/wp-json\/wp\/v2\/pages"}],"about":[{"href":"https:\/\/mia21.ch\/index.php\/wp-json\/wp\/v2\/types\/page"}],"author":[{"embeddable":true,"href":"https:\/\/mia21.ch\/index.php\/wp-json\/wp\/v2\/users\/2"}],"replies":[{"embeddable":true,"href":"https:\/\/mia21.ch\/index.php\/wp-json\/wp\/v2\/comments?post=2033"}],"version-history":[{"count":19,"href":"https:\/\/mia21.ch\/index.php\/wp-json\/wp\/v2\/pages\/2033\/revisions"}],"predecessor-version":[{"id":2070,"href":"https:\/\/mia21.ch\/index.php\/wp-json\/wp\/v2\/pages\/2033\/revisions\/2070"}],"wp:attachment":[{"href":"https:\/\/mia21.ch\/index.php\/wp-json\/wp\/v2\/media?parent=2033"}],"wp:term":[{"taxonomy":"folder","embeddable":true,"href":"https:\/\/mia21.ch\/index.php\/wp-json\/wp\/v2\/folder?post=2033"}],"curies":[{"name":"wp","href":"https:\/\/api.w.org\/{rel}","templated":true}]}}