{"id":557,"date":"2020-08-07T07:57:15","date_gmt":"2020-08-07T07:57:15","guid":{"rendered":"http:\/\/v22016124081441247.powersrv.de\/?page_id=557"},"modified":"2020-09-03T08:02:37","modified_gmt":"2020-09-03T08:02:37","slug":"wer-ist-mia21","status":"publish","type":"page","link":"https:\/\/mia21.ch\/index.php\/wer-ist-mia21\/","title":{"rendered":"Wer ist MIA21?"},"content":{"rendered":"\n<p>MIA21 ist ein Zusammenschluss von deutschsprachigen p\u00e4dagogischen Hochschulen und verschiedenen Fachstellen der Schweiz. Es ist ein Projekt, bei welchem Materialien und didaktische \u00dcberlegungen f\u00fcr die Aus- und Weiterbildung von Lehrperson im Bereich Medien und Informatik gemeinsam erarbeitet werden. Zudem dient es dazu sich \u00fcber kantonale Grenzen hinweg auszutauschen.<\/p>\n\n\n\n<h2 class=\"wp-block-heading\">Philosophie<\/h2>\n\n\n\n<p>Aus- und Weiterbildungen mit MIA21 bedeutet Lernen im Team, Lernen vor Ort und begleitetes Lernen (Coaching). Die Grundidee ist, dass sich Lehrpersonen praxisnahes, fachliches und fachdidaktisches Wissen im Bereich Medien und Informatik gem\u00e4ss Lehrplan 21 aneignen und direkt in ihrem Unterricht umsetzen k\u00f6nnen. <\/p>\n\n\n\n<h2 class=\"wp-block-heading\">Erfolge<\/h2>\n\n\n\n<p>In den letzten Jahren wurden Materialien f\u00fcr insgesamt 22 Moduldossiers\u00a0(1 Grundlagenmodul, 3 f\u00fcr Zyklus 1, 7 f\u00fcr Zyklus 2, 7 f\u00fcr Zyklus 3 und 4 gemeinsame f\u00fcr Zyklus 2 und 3)\u00a0zu den verschiedenen Kompetenzen des Modullehrplans Medien und Informatik sowie Anwendungskompetenzen hergestellt. Diese werden nun erfolgreich in verschiedenen Aus- und Weiterbildungskursen eingesetzt. Eine \u00dcbersicht \u00fcber alle Module finden Sie <a href=\"https:\/\/mia21.ch\/index.php\/modulubersicht\/\">hier<\/a>. <\/p>\n\n\n\n<h2 class=\"wp-block-heading\">Zielgruppe<\/h2>\n\n\n\n<p>Das Angebot und die Materialien richten sich an Studierende von P\u00e4dagogischen Hochschulen und an Lehrpersonen, welche sich im Bereich Medien und Informatik Fachwissen und fachdidaktische Kompetenzen aneignen und konkrete Ideen f\u00fcr die Umsetzung im Unterricht erhalten m\u00f6chten. MIA21 bietet die M\u00f6glichkeit, sich je nach Vorwissen mit unterschiedlichen Themen auseinander zu setzen und diese zu vertiefen.<br><\/p>\n\n\n\n<h2 class=\"wp-block-heading\">Anbieter<\/h2>\n\n\n\n<p>Die MIA21 Modulmaterialien werden von den P\u00e4dagogischen Hochschulen und Fachstellen in unterschiedlichen Kursgef\u00e4ssen angeboten. Wenn Sie Aus- und Weiterbildungsangebote im Bereich Medien und Informatik besuchen m\u00f6chten, in welchen mit MIA21-Materialien gearbeitet wird, wenden Sie sich direkt an den MIA21\u00a0<a href=\"https:\/\/mia21.ch\/index.php\/kontakt\/\">Kooperationspartner<\/a>\u00a0Ihrer Region.<\/p>\n","protected":false},"excerpt":{"rendered":"<p>MIA21 ist ein Zusammenschluss von deutschsprachigen p\u00e4dagogischen Hochschulen und verschiedenen Fachstellen der Schweiz. Es ist ein Projekt, bei welchem Materialien und didaktische \u00dcberlegungen f\u00fcr die Aus- und Weiterbildung von Lehrperson im Bereich Medien und Informatik gemeinsam erarbeitet werden. Zudem dient es dazu sich \u00fcber kantonale Grenzen hinweg auszutauschen. Philosophie Aus- und Weiterbildungen mit MIA21 bedeutet [&hellip;]<\/p>\n","protected":false},"author":1,"featured_media":0,"parent":0,"menu_order":0,"comment_status":"closed","ping_status":"closed","template":"","meta":{"footnotes":""},"folder":[],"class_list":["post-557","page","type-page","status-publish","hentry"],"_links":{"self":[{"href":"https:\/\/mia21.ch\/index.php\/wp-json\/wp\/v2\/pages\/557","targetHints":{"allow":["GET"]}}],"collection":[{"href":"https:\/\/mia21.ch\/index.php\/wp-json\/wp\/v2\/pages"}],"about":[{"href":"https:\/\/mia21.ch\/index.php\/wp-json\/wp\/v2\/types\/page"}],"author":[{"embeddable":true,"href":"https:\/\/mia21.ch\/index.php\/wp-json\/wp\/v2\/users\/1"}],"replies":[{"embeddable":true,"href":"https:\/\/mia21.ch\/index.php\/wp-json\/wp\/v2\/comments?post=557"}],"version-history":[{"count":3,"href":"https:\/\/mia21.ch\/index.php\/wp-json\/wp\/v2\/pages\/557\/revisions"}],"predecessor-version":[{"id":1532,"href":"https:\/\/mia21.ch\/index.php\/wp-json\/wp\/v2\/pages\/557\/revisions\/1532"}],"wp:attachment":[{"href":"https:\/\/mia21.ch\/index.php\/wp-json\/wp\/v2\/media?parent=557"}],"wp:term":[{"taxonomy":"folder","embeddable":true,"href":"https:\/\/mia21.ch\/index.php\/wp-json\/wp\/v2\/folder?post=557"}],"curies":[{"name":"wp","href":"https:\/\/api.w.org\/{rel}","templated":true}]}}