{"id":8,"date":"2020-02-13T05:46:18","date_gmt":"2020-02-13T05:46:18","guid":{"rendered":"http:\/\/v22016124081441247.powersrv.de\/?page_id=8"},"modified":"2026-01-29T15:12:50","modified_gmt":"2026-01-29T15:12:50","slug":"herzliche-willkommen-bei-mia21","status":"publish","type":"page","link":"https:\/\/mia21.ch\/","title":{"rendered":"Herzlich Willkommen bei MIA21"},"content":{"rendered":"<div class=\"wp-block-image\">\n<figure class=\"aligncenter\"><img loading=\"lazy\" decoding=\"async\" width=\"644\" height=\"150\" src=\"http:\/\/v22016124081441247.powersrv.de\/wp-content\/uploads\/2020\/02\/mia21.png\" alt=\"\" class=\"wp-image-17\" srcset=\"https:\/\/mia21.ch\/wp-content\/uploads\/2020\/02\/mia21.png 644w, https:\/\/mia21.ch\/wp-content\/uploads\/2020\/02\/mia21-300x70.png 300w\" sizes=\"auto, (max-width: 644px) 100vw, 644px\" \/><\/figure><\/div>\n\n\n<div class=\"wp-block-group mia21-anouncement-box\"><div class=\"wp-block-group__inner-container is-layout-constrained wp-block-group-is-layout-constrained\">\n<h2 class=\"wp-block-heading has-text-align-center mia21-anouncement-title\">SAVE THE DATE<\/h2>\n\n\n\n<p class=\"mia21-anouncement-text\">Am <strong>Mittwoch, 24.06.2026 <\/strong>ist es wieder soweit: Wir laden euch herzlichst zu uns an die PHBern zum <strong>Austauschtreffen Informatikausbildung <\/strong>und zum <strong>MIA21 Plattformtreffen <\/strong>ein!<br>Alle Infos und das Anmeldeformular findest du <a href=\"https:\/\/mia21.ch\/index.php\/austauschtreffen-informatikausbildung-meets-mia21\/\">hier<\/a>. <br>Bei Fragen melde dich gerne unter: <a href=\"mailto:mia21@phbern.ch\">mia21@phbern.ch<\/a><\/p>\n<\/div><\/div>\n\n\n\n<p>Unsere Gesellschaft unterliegt einem st\u00e4ndigen\nWandel. Dies gilt in ganz besonderem Mass f\u00fcr den Bereich Medien und\nInformatik. Der Lehrplan 21 tr\u00e4gt dem rasanten informationstechnologischen\nWandel der letzten Jahre und Jahrzehnte Rechnung, indem er eine ganze Anzahl\nvon Kompetenzen neu aufnimmt, mit denen die Sch\u00fclerinnen und Sch\u00fcler auf die\nAnforderungen von Gesellschaft und Arbeitswelt angemessen vorbereitet werden\nsollen. Daraus resultieren gleichzeitig auch neue Anforderungen an die\ndigitalen Kompetenzen von Lehrpersonen und ein entsprechender Aus- und\nWeiterbildungsbedarf.<\/p>\n\n\n\n<p>MIA21 ist ein gemeinsames Projekt zw\u00f6lf P\u00e4dagogischer Hochschulen und Fachstellen. Erkl\u00e4rtes Ziel ist es, Lehrpersonen f\u00fcr die Arbeit mit dem Modullehrplan Medien und Informatik \u201efit zu machen\u201c. Hierf\u00fcr arbeiten die Partner gemeinsam an fachdidaktischen Materialien und didaktischen \u00dcberlegungen, welche die Grundlage f\u00fcr Aus- und Weiterbildungsangebote bilden.<\/p>\n\n\n\n<div style=\"height:50px\" aria-hidden=\"true\" class=\"wp-block-spacer\"><\/div>\n\n\n\n<div class=\"wp-block-columns has-2-columns is-layout-flex wp-container-core-columns-is-layout-9d6595d7 wp-block-columns-is-layout-flex\">\n<div class=\"wp-block-column is-layout-flow wp-block-column-is-layout-flow\">\n<h2 class=\"wp-block-heading\">Weiterentwicklung: Pinchos<\/h2>\n\n\n\n<p>In den letzten Jahren wurde ein fundiertes Online-Angebot entwickelt, das kleine thematische H\u00e4ppchen anbietet. Diese k\u00f6nnen Dozierende in ihren Aus- und Weiterbildungen didaktisch integrieren oder (angehende) Lehrpersonen eigenst\u00e4ndig zur Erweiterung ihrer Kompetenzen nutzen.<\/p>\n\n\n\n<p>Die sogenannten Pinchos liefern kurze, leicht verdauliche Einblicke in den Fachbereich Medien und Informatik \u2013 perfekt f\u00fcr zwischendurch. Im Mittelpunkt stehen Ph\u00e4nomene der digitalen Welt, die kompakt erkl\u00e4rt und alltagsnah aufbereitet werden. Ob es um Algorithmen, K\u00fcnstliche Intelligenz oder den Einfluss sozialer Medien geht: Pinchos bieten spannende Einblicke und machen komplexe Themen f\u00fcr Lehrpersonen greifbar.<\/p>\n\n\n\n<p class=\"mia21-calltoaction\"><a href=\"https:\/\/pinchos.mia21.ch\/\">Zur Pinchos-Webseite<\/a><br><\/p>\n<\/div>\n\n\n\n<div class=\"wp-block-column is-layout-flow wp-block-column-is-layout-flow\">\n<h2 class=\"wp-block-heading\">Basis-Projekt: Modulhefte<\/h2>\n\n\n\n<p>In 22 verschiedenen Kursmodulen k\u00f6nnen sich Studierende und Lehrpersonen Wissen sowie Inspiration zur konkreten Unterrichtsvorbereitung entlang des Modullehrplans Medien und Informatik erarbeiten.<\/p>\n\n\n\n<p>Dabei ist jedes Kursmodul gleich aufgebaut. Die Grundlage bildet die jeweils zyklusspezifische Kompetenz des Modullehrplans Medien und Informatik, in welche zu Beginn mit ersten Beispielen eingef\u00fchrt wird. Anschliessend werden fachliches und fachdidaktisches Wissen sowie konkrete Unterrichtsideen vermittelt, wie die Kompetenzen der Sch\u00fclerinnen und Sch\u00fcler gef\u00f6rdert werden k\u00f6nnen.<\/p>\n\n\n\n<p class=\"mia21-calltoaction\"><a href=\"https:\/\/mia21.ch\/index.php\/modulubersicht\/\">Zur&nbsp;Modul\u00fcbersicht<\/a><br><\/p>\n<\/div>\n<\/div>\n\n\n\n<div style=\"height:50px\" aria-hidden=\"true\" class=\"wp-block-spacer\"><\/div>\n\n\n<div class=\"wp-block-image\">\n<figure class=\"aligncenter is-resized\"><img loading=\"lazy\" decoding=\"async\" width=\"1024\" height=\"380\" src=\"https:\/\/mia21.ch\/wp-content\/uploads\/2025\/08\/00_Logo-Ensemble-1024x380.png\" alt=\"\" class=\"wp-image-1970\" style=\"width:1024px;height:380px\" srcset=\"https:\/\/mia21.ch\/wp-content\/uploads\/2025\/08\/00_Logo-Ensemble-1024x380.png 1024w, https:\/\/mia21.ch\/wp-content\/uploads\/2025\/08\/00_Logo-Ensemble-300x111.png 300w, https:\/\/mia21.ch\/wp-content\/uploads\/2025\/08\/00_Logo-Ensemble-768x285.png 768w, https:\/\/mia21.ch\/wp-content\/uploads\/2025\/08\/00_Logo-Ensemble-1536x570.png 1536w, https:\/\/mia21.ch\/wp-content\/uploads\/2025\/08\/00_Logo-Ensemble-2048x760.png 2048w\" sizes=\"auto, (max-width: 1024px) 100vw, 1024px\" \/><\/figure><\/div>","protected":false},"excerpt":{"rendered":"<p>SAVE THE DATE Am Mittwoch, 24.06.2026 ist es wieder soweit: Wir laden euch herzlichst zu uns an die PHBern zum Austauschtreffen Informatikausbildung und zum MIA21 Plattformtreffen ein!Alle Infos und das Anmeldeformular findest du hier. Bei Fragen melde dich gerne unter: mia21@phbern.ch Unsere Gesellschaft unterliegt einem st\u00e4ndigen Wandel. Dies gilt in ganz besonderem Mass f\u00fcr den [&hellip;]<\/p>\n","protected":false},"author":1,"featured_media":0,"parent":0,"menu_order":0,"comment_status":"closed","ping_status":"closed","template":"","meta":{"footnotes":""},"folder":[],"class_list":["post-8","page","type-page","status-publish","hentry"],"_links":{"self":[{"href":"https:\/\/mia21.ch\/index.php\/wp-json\/wp\/v2\/pages\/8","targetHints":{"allow":["GET"]}}],"collection":[{"href":"https:\/\/mia21.ch\/index.php\/wp-json\/wp\/v2\/pages"}],"about":[{"href":"https:\/\/mia21.ch\/index.php\/wp-json\/wp\/v2\/types\/page"}],"author":[{"embeddable":true,"href":"https:\/\/mia21.ch\/index.php\/wp-json\/wp\/v2\/users\/1"}],"replies":[{"embeddable":true,"href":"https:\/\/mia21.ch\/index.php\/wp-json\/wp\/v2\/comments?post=8"}],"version-history":[{"count":28,"href":"https:\/\/mia21.ch\/index.php\/wp-json\/wp\/v2\/pages\/8\/revisions"}],"predecessor-version":[{"id":2058,"href":"https:\/\/mia21.ch\/index.php\/wp-json\/wp\/v2\/pages\/8\/revisions\/2058"}],"wp:attachment":[{"href":"https:\/\/mia21.ch\/index.php\/wp-json\/wp\/v2\/media?parent=8"}],"wp:term":[{"taxonomy":"folder","embeddable":true,"href":"https:\/\/mia21.ch\/index.php\/wp-json\/wp\/v2\/folder?post=8"}],"curies":[{"name":"wp","href":"https:\/\/api.w.org\/{rel}","templated":true}]}}